{"id":1699,"date":"2016-02-04T15:15:11","date_gmt":"2016-02-04T15:15:11","guid":{"rendered":"https:\/\/www.boatglass.eu\/gebogen-bootramen\/"},"modified":"2021-04-19T14:00:07","modified_gmt":"2021-04-19T14:00:07","slug":"fenetres-de-bateau-courbes","status":"publish","type":"page","link":"https:\/\/www.boatglass.eu\/fr\/fenetres-de-bateau-courbes\/","title":{"rendered":"Fen\u00eatres de bateau courbes"},"content":{"rendered":"<p>[et_pb_section fb_built=\u00a0\u00bb1&Prime; fullwidth=\u00a0\u00bbon\u00a0\u00bb module_class=\u00a0\u00bbheader-home header-dienst\u00a0\u00bb _builder_version=\u00a0\u00bb4.9.1&Prime; _module_preset=\u00a0\u00bbdefault\u00a0\u00bb][et_pb_fullwidth_slider show_arrows=\u00a0\u00bboff\u00a0\u00bb _builder_version=\u00a0\u00bb4.9.4&Prime; _module_preset=\u00a0\u00bbdefault\u00a0\u00bb hover_enabled=\u00a0\u00bb0&Prime; sticky_enabled=\u00a0\u00bb0&Prime;][et_pb_slide heading=\u00a0\u00bbFen\u00eatres de bateau courbes\u00a0\u00bb button_text=\u00a0\u00bbContactez-nous maintenant!\u00a0\u00bb button_link=\u00a0\u00bb\/fr\/contact\/\u00a0\u00bb _builder_version=\u00a0\u00bb4.9.4&Prime; _module_preset=\u00a0\u00bbdefault\u00a0\u00bb header_level=\u00a0\u00bbh1&Prime; body_text_align=\u00a0\u00bbleft\u00a0\u00bb background_enable_color=\u00a0\u00bboff\u00a0\u00bb use_background_color_gradient=\u00a0\u00bbon\u00a0\u00bb background_color_gradient_start=\u00a0\u00bbrgba(46,54,128,0.6)\u00a0\u00bb background_color_gradient_end=\u00a0\u00bbrgba(46,54,128,0.6)\u00a0\u00bb background_color_gradient_overlays_image=\u00a0\u00bbon\u00a0\u00bb background_image=\u00a0\u00bbhttps:\/\/www.boatglass.eu\/wp-content\/uploads\/boot-header-2.png\u00a0\u00bb background_enable_image=\u00a0\u00bbon\u00a0\u00bb text_orientation=\u00a0\u00bbleft\u00a0\u00bb width=\u00a0\u00bb100%\u00a0\u00bb custom_padding=\u00a0\u00bb|0px||0px|false|false\u00a0\u00bb hover_enabled=\u00a0\u00bb0&Prime; sticky_transition=\u00a0\u00bbon\u00a0\u00bb sticky_enabled=\u00a0\u00bb0&Prime;][\/et_pb_slide][\/et_pb_fullwidth_slider][\/et_pb_section][et_pb_section fb_built=\u00a0\u00bb1&Prime; module_class=\u00a0\u00bbbreadcrumb\u00a0\u00bb _builder_version=\u00a0\u00bb4.9.1&Prime; _module_preset=\u00a0\u00bbdefault\u00a0\u00bb custom_margin=\u00a0\u00bb0px||0px||false|false\u00a0\u00bb custom_padding=\u00a0\u00bb0px||0px||false|false\u00a0\u00bb global_module=\u00a0\u00bb1109&Prime; saved_tabs=\u00a0\u00bball\u00a0\u00bb][et_pb_row _builder_version=\u00a0\u00bb4.9.1&Prime; _module_preset=\u00a0\u00bbdefault\u00a0\u00bb custom_margin=\u00a0\u00bb0px||0px||false|false\u00a0\u00bb custom_padding=\u00a0\u00bb7.5px||7.5px||false|false\u00a0\u00bb][et_pb_column type=\u00a0\u00bb4_4&Prime; _builder_version=\u00a0\u00bb4.9.1&Prime; _module_preset=\u00a0\u00bbdefault\u00a0\u00bb][et_pb_text _builder_version=\u00a0\u00bb4.9.1&Prime; _module_preset=\u00a0\u00bbdefault\u00a0\u00bb]<\/p>\n<span><span><a href=\"https:\/\/www.boatglass.eu\/fr\/\">Home<\/a><\/span><\/span>\n<p>[\/et_pb_text][\/et_pb_column][\/et_pb_row][\/et_pb_section][et_pb_section fb_built=\u00a0\u00bb1&Prime; _builder_version=\u00a0\u00bb4.9.1&Prime; _module_preset=\u00a0\u00bbdefault\u00a0\u00bb][et_pb_row column_structure=\u00a0\u00bb1_2,1_2&Prime; make_equal=\u00a0\u00bbon\u00a0\u00bb _builder_version=\u00a0\u00bb4.9.1&Prime; _module_preset=\u00a0\u00bbdefault\u00a0\u00bb][et_pb_column type=\u00a0\u00bb1_2&Prime; _builder_version=\u00a0\u00bb4.9.1&Prime; _module_preset=\u00a0\u00bbdefault\u00a0\u00bb][et_pb_text _builder_version=\u00a0\u00bb4.9.4&Prime; _module_preset=\u00a0\u00bbdefault\u00a0\u00bb]<\/p>\n<p>De plus en plus de questions viennent \u00e0 Boatglass.eu sur les fen\u00eatres de bateau incurv\u00e9es qui ne sont plus en verre tremp\u00e9.<span class=\"JLqJ4b ChMk0b\" data-language-for-alternatives=\"fr\" data-language-to-translate-into=\"en\" data-phrase-index=\"1\">C&rsquo;est donc aussi un merveilleux ajout que nous pouvons copier presque toutes les fen\u00eatres pr\u00e9-courb\u00e9es en plexiglas.<\/span><\/p>\n<p>Pour plus d&rsquo;informations, n&rsquo;h\u00e9sitez pas \u00e0 nous contacter \u00e0 tout moment.<\/p>\n<p>[\/et_pb_text][\/et_pb_column][et_pb_column type=\u00a0\u00bb1_2&Prime; _builder_version=\u00a0\u00bb4.9.1&Prime; _module_preset=\u00a0\u00bbdefault\u00a0\u00bb custom_css_main_element=\u00a0\u00bbdisplay: flex;||align-items: center;\u00a0\u00bb][et_pb_image src=\u00a0\u00bbhttps:\/\/www.boatglass.eu\/wp-content\/uploads\/boot-oranje.png\u00a0\u00bb title_text=\u00a0\u00bbboot-oranje\u00a0\u00bb _builder_version=\u00a0\u00bb4.9.1&Prime; _module_preset=\u00a0\u00bbdefault\u00a0\u00bb][\/et_pb_image][\/et_pb_column][\/et_pb_row][\/et_pb_section][et_pb_section fb_built=\u00a0\u00bb1&Prime; module_class=\u00a0\u00bbgallerij-rij\u00a0\u00bb _builder_version=\u00a0\u00bb4.9.1&Prime; _module_preset=\u00a0\u00bbdefault\u00a0\u00bb custom_margin=\u00a0\u00bb||0px||false|false\u00a0\u00bb custom_padding=\u00a0\u00bb||0px||false|false\u00a0\u00bb][et_pb_row column_structure=\u00a0\u00bb1_2,1_2&Prime; _builder_version=\u00a0\u00bb4.9.1&Prime; _module_preset=\u00a0\u00bbdefault\u00a0\u00bb custom_margin=\u00a0\u00bb||0px||false|false\u00a0\u00bb custom_padding=\u00a0\u00bb||0px||false|false\u00a0\u00bb][et_pb_column type=\u00a0\u00bb1_2&Prime; _builder_version=\u00a0\u00bb4.9.1&Prime; _module_preset=\u00a0\u00bbdefault\u00a0\u00bb][et_pb_image src=\u00a0\u00bbhttps:\/\/www.boatglass.eu\/wp-content\/uploads\/gebogen-bootramen2.png\u00a0\u00bb title_text=\u00a0\u00bbgebogen-bootramen2&Prime; force_fullwidth=\u00a0\u00bbon\u00a0\u00bb _builder_version=\u00a0\u00bb4.9.1&Prime; _module_preset=\u00a0\u00bbdefault\u00a0\u00bb][\/et_pb_image][\/et_pb_column][et_pb_column type=\u00a0\u00bb1_2&Prime; _builder_version=\u00a0\u00bb4.9.1&Prime; _module_preset=\u00a0\u00bbdefault\u00a0\u00bb][et_pb_image src=\u00a0\u00bbhttps:\/\/www.boatglass.eu\/wp-content\/uploads\/gebogen-bootramen3.png\u00a0\u00bb title_text=\u00a0\u00bbgebogen-bootramen3&Prime; force_fullwidth=\u00a0\u00bbon\u00a0\u00bb _builder_version=\u00a0\u00bb4.9.1&Prime; _module_preset=\u00a0\u00bbdefault\u00a0\u00bb][\/et_pb_image][\/et_pb_column][\/et_pb_row][et_pb_row column_structure=\u00a0\u00bb1_2,1_2&Prime; _builder_version=\u00a0\u00bb4.9.1&Prime; _module_preset=\u00a0\u00bbdefault\u00a0\u00bb custom_margin=\u00a0\u00bb||0px||false|false\u00a0\u00bb custom_padding=\u00a0\u00bb||0px||false|false\u00a0\u00bb][et_pb_column type=\u00a0\u00bb1_2&Prime; _builder_version=\u00a0\u00bb4.9.1&Prime; _module_preset=\u00a0\u00bbdefault\u00a0\u00bb][et_pb_image src=\u00a0\u00bbhttps:\/\/www.boatglass.eu\/wp-content\/uploads\/gebogen-bootramen4.png\u00a0\u00bb title_text=\u00a0\u00bbgebogen-bootramen4&Prime; force_fullwidth=\u00a0\u00bbon\u00a0\u00bb _builder_version=\u00a0\u00bb4.9.1&Prime; _module_preset=\u00a0\u00bbdefault\u00a0\u00bb][\/et_pb_image][\/et_pb_column][et_pb_column type=\u00a0\u00bb1_2&Prime; _builder_version=\u00a0\u00bb4.9.1&Prime; _module_preset=\u00a0\u00bbdefault\u00a0\u00bb][et_pb_image src=\u00a0\u00bbhttps:\/\/www.boatglass.eu\/wp-content\/uploads\/gebogen-bootramen5.png\u00a0\u00bb title_text=\u00a0\u00bbgebogen-bootramen5&Prime; force_fullwidth=\u00a0\u00bbon\u00a0\u00bb _builder_version=\u00a0\u00bb4.9.1&Prime; _module_preset=\u00a0\u00bbdefault\u00a0\u00bb][\/et_pb_image][\/et_pb_column][\/et_pb_row][et_pb_row column_structure=\u00a0\u00bb1_2,1_2&Prime; _builder_version=\u00a0\u00bb4.9.1&Prime; _module_preset=\u00a0\u00bbdefault\u00a0\u00bb custom_margin=\u00a0\u00bb||0px||false|false\u00a0\u00bb custom_padding=\u00a0\u00bb||0px||false|false\u00a0\u00bb][et_pb_column type=\u00a0\u00bb1_2&Prime; _builder_version=\u00a0\u00bb4.9.1&Prime; _module_preset=\u00a0\u00bbdefault\u00a0\u00bb][et_pb_image src=\u00a0\u00bbhttps:\/\/www.boatglass.eu\/wp-content\/uploads\/gebogen-bootramen6.png\u00a0\u00bb title_text=\u00a0\u00bbgebogen-bootramen6&Prime; force_fullwidth=\u00a0\u00bbon\u00a0\u00bb _builder_version=\u00a0\u00bb4.9.1&Prime; _module_preset=\u00a0\u00bbdefault\u00a0\u00bb][\/et_pb_image][\/et_pb_column][et_pb_column type=\u00a0\u00bb1_2&Prime; _builder_version=\u00a0\u00bb4.9.1&Prime; _module_preset=\u00a0\u00bbdefault\u00a0\u00bb][et_pb_image src=\u00a0\u00bbhttps:\/\/www.boatglass.eu\/wp-content\/uploads\/gebogen-bootramen1.png\u00a0\u00bb title_text=\u00a0\u00bbgebogen-bootramen1&Prime; force_fullwidth=\u00a0\u00bbon\u00a0\u00bb _builder_version=\u00a0\u00bb4.9.1&Prime; _module_preset=\u00a0\u00bbdefault\u00a0\u00bb][\/et_pb_image][\/et_pb_column][\/et_pb_row][\/et_pb_section][et_pb_section fb_built=\u00a0\u00bb1&Prime; _builder_version=\u00a0\u00bb4.9.4&Prime; _module_preset=\u00a0\u00bbdefault\u00a0\u00bb global_module=\u00a0\u00bb1158&Prime; saved_tabs=\u00a0\u00bball\u00a0\u00bb][et_pb_row _builder_version=\u00a0\u00bb4.8.2&Prime; _module_preset=\u00a0\u00bbdefault\u00a0\u00bb][et_pb_column type=\u00a0\u00bb4_4&Prime; _builder_version=\u00a0\u00bb4.8.2&Prime; _module_preset=\u00a0\u00bbdefault\u00a0\u00bb][et_pb_text _builder_version=\u00a0\u00bb4.9.4&Prime; _module_preset=\u00a0\u00bbdefault\u00a0\u00bb]<\/p>\n<h2 style=\"text-align: center;\">Voir nos solutions ici<\/h2>\n<p>[\/et_pb_text][\/et_pb_column][\/et_pb_row][et_pb_row column_structure=\u00a0\u00bb1_3,1_3,1_3&Prime; make_equal=\u00a0\u00bbon\u00a0\u00bb _builder_version=\u00a0\u00bb4.9.1&Prime; _module_preset=\u00a0\u00bbdefault\u00a0\u00bb custom_padding=\u00a0\u00bb0px||||false|false\u00a0\u00bb][et_pb_column type=\u00a0\u00bb1_3&Prime; _builder_version=\u00a0\u00bb4.8.2&Prime; _module_preset=\u00a0\u00bbdefault\u00a0\u00bb][et_pb_blurb title=\u00a0\u00bbFen\u00eatres de bateaux\u00a0\u00bb url=\u00a0\u00bb\/fr\/fenetres-de-bateaux\/\u00a0\u00bb image=\u00a0\u00bbhttps:\/\/www.boatglass.eu\/wp-content\/uploads\/bootoplossing-boot1.png\u00a0\u00bb module_class=\u00a0\u00bboplossingen-home\u00a0\u00bb _builder_version=\u00a0\u00bb4.9.4&Prime; _module_preset=\u00a0\u00bbdefault\u00a0\u00bb link_option_url=\u00a0\u00bb\/fr\/fenetres-de-bateaux\/\u00a0\u00bb]Les profil\u00e9s en caoutchouc de la fen\u00eatre de votre bateau doivent-ils \u00eatre remplac\u00e9s?<\/p>\n<p>Ou en avez-vous assez de la condensation sur vos profil\u00e9s de fen\u00eatre en aluminium?<\/p>\n<p><a class=\"oplossing-lees-meer\" href=\"\/fr\/fenetres-de-bateaux\/\">Lire plus<\/a>[\/et_pb_blurb][\/et_pb_column][et_pb_column type=\u00a0\u00bb1_3&Prime; _builder_version=\u00a0\u00bb4.8.2&Prime; _module_preset=\u00a0\u00bbdefault\u00a0\u00bb][et_pb_blurb title=\u00a0\u00bbFen\u00eatres en forme\u00a0\u00bb url=\u00a0\u00bb\/fr\/fenetres-en-forme\/\u00a0\u00bb image=\u00a0\u00bbhttps:\/\/www.boatglass.eu\/wp-content\/uploads\/bootoplossing-boot2-1.png\u00a0\u00bb module_class=\u00a0\u00bboplossingen-home\u00a0\u00bb _builder_version=\u00a0\u00bb4.9.4&Prime; _module_preset=\u00a0\u00bbdefault\u00a0\u00bb link_option_url=\u00a0\u00bb\/fr\/fenetres-en-forme\/\u00a0\u00bb]<\/p>\n<p>Nos fen\u00eatres marines en forme sont faites dans une proc\u00e9dure sp\u00e9ciale. \u00c0 l&rsquo;aide d&rsquo;un moule unique, nous sommes en mesure de fabriquer nos fen\u00eatres d&rsquo;un seul tenant. Nos fen\u00eatres profil\u00e9es peuvent \u00eatre install\u00e9es avec ou sans profil\u00e9s de verrouillage en aluminium.<\/p>\n<p><a class=\"oplossing-lees-meer\" href=\"\/fr\/fenetres-en-forme\/\">Lire plus<\/a>[\/et_pb_blurb][\/et_pb_column][et_pb_column type=\u00a0\u00bb1_3&Prime; _builder_version=\u00a0\u00bb4.8.2&Prime; _module_preset=\u00a0\u00bbdefault\u00a0\u00bb][et_pb_blurb title=\u00a0\u00bbProjets sp\u00e9ciaux\u00a0\u00bb url=\u00a0\u00bb\/fr\/projets-speciaux\/\u00a0\u00bb image=\u00a0\u00bbhttps:\/\/www.boatglass.eu\/wp-content\/uploads\/bootoplossing-boot3-1.png\u00a0\u00bb module_class=\u00a0\u00bboplossingen-home\u00a0\u00bb _builder_version=\u00a0\u00bb4.9.4&Prime; _module_preset=\u00a0\u00bbdefault\u00a0\u00bb link_option_url=\u00a0\u00bb\/fr\/projets-speciaux\/\u00a0\u00bb]Comme vous vous en doutez, aucun projet n&rsquo;est fou pour nous! Grandes fen\u00eatres, petits volets, courbes sp\u00e9ciales, nommez-le. Nos options sont (presque) illimit\u00e9es! D\u00e9couvrez les projets sp\u00e9ciaux que nous avons pu fournir derri\u00e8re le lien ci-dessous.<br \/>\n<a class=\"oplossing-lees-meer\" href=\"\/fr\/projets-speciaux\/\">Lees meer<\/a>[\/et_pb_blurb][\/et_pb_column][\/et_pb_row][\/et_pb_section]<\/p>\n","protected":false},"excerpt":{"rendered":"<p><span><span><a href=\"https:\/\/www.boatglass.eu\/fr\/\">Home<\/a><\/span><\/span>De plus en plus de questions viennent \u00e0 Boatglass.eu sur les fen\u00eatres de bateau incurv\u00e9es qui ne sont plus en verre tremp\u00e9.C&rsquo;est donc aussi un merveilleux ajout que nous pouvons copier presque toutes les fen\u00eatres pr\u00e9-courb\u00e9es en plexiglas. Pour plus d&rsquo;informations, n&rsquo;h\u00e9sitez pas \u00e0 nous contacter \u00e0 tout moment.Voir nos solutions iciLes profil\u00e9s en caoutchouc [&hellip;]<\/p>\n","protected":false},"author":1,"featured_media":0,"parent":0,"menu_order":0,"comment_status":"closed","ping_status":"closed","template":"","meta":{"_et_pb_use_builder":"on","_et_pb_old_content":"<p>Lorem ipsum dolor sit amet, consectetur adipisicing elit, sed do eiusmod tempor incididunt ut labore et dolore magna aliqua. Ut enim ad minim veniam, quis nostrud exercitation ullamco laboris nisi ut aliquip ex ea commodo consequat. Duis aute irure dolor in reprehenderit in voluptate velit esse cillum dolore eu fugiat nulla pariatur. Excepteur sint occaecat cupidatat non proident, sunt in culpa qui officia deserunt mollit anim id est laborum.<\/p>","_et_gb_content_width":"","footnotes":""},"categories":[],"class_list":["post-1699","page","type-page","status-publish","hentry"],"yoast_head":"<!-- This site is optimized with the Yoast SEO plugin v24.6 - https:\/\/yoast.com\/wordpress\/plugins\/seo\/ -->\n<title>Fen\u00eatres de bateau courbes - Boatglass<\/title>\n<meta name=\"description\" content=\"Fen\u00eatres de bateau courbes\" \/>\n<meta name=\"robots\" content=\"index, follow, max-snippet:-1, max-image-preview:large, max-video-preview:-1\" \/>\n<link rel=\"canonical\" href=\"https:\/\/www.boatglass.eu\/fr\/gebogen-bootramen\/\" \/>\n<meta property=\"og:locale\" content=\"fr_FR\" \/>\n<meta property=\"og:type\" content=\"article\" \/>\n<meta property=\"og:title\" content=\"Fen\u00eatres de bateau courbes - Boatglass\" \/>\n<meta property=\"og:description\" content=\"Fen\u00eatres de bateau courbes\" \/>\n<meta property=\"og:url\" content=\"https:\/\/www.boatglass.eu\/gebogen-bootramen\/\" \/>\n<meta property=\"og:site_name\" content=\"Boatglass\" \/>\n<meta property=\"article:modified_time\" content=\"2021-04-19T14:00:07+00:00\" \/>\n<meta name=\"twitter:card\" content=\"summary_large_image\" \/>\n<meta name=\"twitter:label1\" content=\"Dur\u00e9e de lecture estim\u00e9e\" \/>\n\t<meta name=\"twitter:data1\" content=\"5 minutes\" \/>\n<script type=\"application\/ld+json\" class=\"yoast-schema-graph\">{\"@context\":\"https:\/\/schema.org\",\"@graph\":[{\"@type\":\"WebPage\",\"@id\":\"https:\/\/www.boatglass.eu\/gebogen-bootramen\/\",\"url\":\"https:\/\/www.boatglass.eu\/gebogen-bootramen\/\",\"name\":\"Fen\u00eatres de bateau courbes - Boatglass\",\"isPartOf\":{\"@id\":\"https:\/\/www.boatglass.eu\/#website\"},\"datePublished\":\"2016-02-04T15:15:11+00:00\",\"dateModified\":\"2021-04-19T14:00:07+00:00\",\"description\":\"Fen\u00eatres de bateau courbes\",\"breadcrumb\":{\"@id\":\"https:\/\/www.boatglass.eu\/gebogen-bootramen\/#breadcrumb\"},\"inLanguage\":\"fr-FR\",\"potentialAction\":[{\"@type\":\"ReadAction\",\"target\":[\"https:\/\/www.boatglass.eu\/gebogen-bootramen\/\"]}]},{\"@type\":\"BreadcrumbList\",\"@id\":\"https:\/\/www.boatglass.eu\/gebogen-bootramen\/#breadcrumb\",\"itemListElement\":[{\"@type\":\"ListItem\",\"position\":1,\"name\":\"Home\",\"item\":\"https:\/\/www.boatglass.eu\/fr\/\"},{\"@type\":\"ListItem\",\"position\":2,\"name\":\"Fen\u00eatres de bateau courbes\"}]},{\"@type\":\"WebSite\",\"@id\":\"https:\/\/www.boatglass.eu\/#website\",\"url\":\"https:\/\/www.boatglass.eu\/\",\"name\":\"Boatglass\",\"description\":\"\",\"potentialAction\":[{\"@type\":\"SearchAction\",\"target\":{\"@type\":\"EntryPoint\",\"urlTemplate\":\"https:\/\/www.boatglass.eu\/?s={search_term_string}\"},\"query-input\":{\"@type\":\"PropertyValueSpecification\",\"valueRequired\":true,\"valueName\":\"search_term_string\"}}],\"inLanguage\":\"fr-FR\"}]}<\/script>\n<!-- \/ Yoast SEO plugin. -->","yoast_head_json":{"title":"Fen\u00eatres de bateau courbes - Boatglass","description":"Fen\u00eatres de bateau courbes","robots":{"index":"index","follow":"follow","max-snippet":"max-snippet:-1","max-image-preview":"max-image-preview:large","max-video-preview":"max-video-preview:-1"},"canonical":"https:\/\/www.boatglass.eu\/fr\/gebogen-bootramen\/","og_locale":"fr_FR","og_type":"article","og_title":"Fen\u00eatres de bateau courbes - Boatglass","og_description":"Fen\u00eatres de bateau courbes","og_url":"https:\/\/www.boatglass.eu\/gebogen-bootramen\/","og_site_name":"Boatglass","article_modified_time":"2021-04-19T14:00:07+00:00","twitter_card":"summary_large_image","twitter_misc":{"Dur\u00e9e de lecture estim\u00e9e":"5 minutes"},"schema":{"@context":"https:\/\/schema.org","@graph":[{"@type":"WebPage","@id":"https:\/\/www.boatglass.eu\/gebogen-bootramen\/","url":"https:\/\/www.boatglass.eu\/gebogen-bootramen\/","name":"Fen\u00eatres de bateau courbes - Boatglass","isPartOf":{"@id":"https:\/\/www.boatglass.eu\/#website"},"datePublished":"2016-02-04T15:15:11+00:00","dateModified":"2021-04-19T14:00:07+00:00","description":"Fen\u00eatres de bateau courbes","breadcrumb":{"@id":"https:\/\/www.boatglass.eu\/gebogen-bootramen\/#breadcrumb"},"inLanguage":"fr-FR","potentialAction":[{"@type":"ReadAction","target":["https:\/\/www.boatglass.eu\/gebogen-bootramen\/"]}]},{"@type":"BreadcrumbList","@id":"https:\/\/www.boatglass.eu\/gebogen-bootramen\/#breadcrumb","itemListElement":[{"@type":"ListItem","position":1,"name":"Home","item":"https:\/\/www.boatglass.eu\/fr\/"},{"@type":"ListItem","position":2,"name":"Fen\u00eatres de bateau courbes"}]},{"@type":"WebSite","@id":"https:\/\/www.boatglass.eu\/#website","url":"https:\/\/www.boatglass.eu\/","name":"Boatglass","description":"","potentialAction":[{"@type":"SearchAction","target":{"@type":"EntryPoint","urlTemplate":"https:\/\/www.boatglass.eu\/?s={search_term_string}"},"query-input":{"@type":"PropertyValueSpecification","valueRequired":true,"valueName":"search_term_string"}}],"inLanguage":"fr-FR"}]}},"_links":{"self":[{"href":"https:\/\/www.boatglass.eu\/fr\/wp-json\/wp\/v2\/pages\/1699","targetHints":{"allow":["GET"]}}],"collection":[{"href":"https:\/\/www.boatglass.eu\/fr\/wp-json\/wp\/v2\/pages"}],"about":[{"href":"https:\/\/www.boatglass.eu\/fr\/wp-json\/wp\/v2\/types\/page"}],"author":[{"embeddable":true,"href":"https:\/\/www.boatglass.eu\/fr\/wp-json\/wp\/v2\/users\/1"}],"replies":[{"embeddable":true,"href":"https:\/\/www.boatglass.eu\/fr\/wp-json\/wp\/v2\/comments?post=1699"}],"version-history":[{"count":4,"href":"https:\/\/www.boatglass.eu\/fr\/wp-json\/wp\/v2\/pages\/1699\/revisions"}],"predecessor-version":[{"id":1913,"href":"https:\/\/www.boatglass.eu\/fr\/wp-json\/wp\/v2\/pages\/1699\/revisions\/1913"}],"wp:attachment":[{"href":"https:\/\/www.boatglass.eu\/fr\/wp-json\/wp\/v2\/media?parent=1699"}],"wp:term":[{"taxonomy":"category","embeddable":true,"href":"https:\/\/www.boatglass.eu\/fr\/wp-json\/wp\/v2\/categories?post=1699"}],"curies":[{"name":"wp","href":"https:\/\/api.w.org\/{rel}","templated":true}]}}