{"id":1792,"date":"2021-03-24T15:04:27","date_gmt":"2021-03-24T15:04:27","guid":{"rendered":"https:\/\/www.boatglass.eu\/patrijspoorten\/"},"modified":"2022-05-11T09:44:13","modified_gmt":"2022-05-11T09:44:13","slug":"hublots","status":"publish","type":"page","link":"https:\/\/www.boatglass.eu\/fr\/hublots\/","title":{"rendered":"Hublots"},"content":{"rendered":"<p>[et_pb_section fb_built=\u00a0\u00bb1&Prime; fullwidth=\u00a0\u00bbon\u00a0\u00bb module_class=\u00a0\u00bbheader-home header-dienst\u00a0\u00bb _builder_version=\u00a0\u00bb4.9.1&Prime; _module_preset=\u00a0\u00bbdefault\u00a0\u00bb][et_pb_fullwidth_slider show_arrows=\u00a0\u00bboff\u00a0\u00bb _builder_version=\u00a0\u00bb4.9.4&Prime; _module_preset=\u00a0\u00bbdefault\u00a0\u00bb][et_pb_slide heading=\u00a0\u00bbHublots avec profils sans condensation\u00a0\u00bb button_text=\u00a0\u00bb Contactez-nous maintenant!\u00a0\u00bb button_link=\u00a0\u00bb\/contact\/\u00a0\u00bb _builder_version=\u00a0\u00bb4.9.4&Prime; _module_preset=\u00a0\u00bbdefault\u00a0\u00bb header_level=\u00a0\u00bbh1&Prime; body_text_align=\u00a0\u00bbleft\u00a0\u00bb background_enable_color=\u00a0\u00bboff\u00a0\u00bb use_background_color_gradient=\u00a0\u00bbon\u00a0\u00bb background_color_gradient_start=\u00a0\u00bbrgba(46,54,128,0.6)\u00a0\u00bb background_color_gradient_end=\u00a0\u00bbrgba(46,54,128,0.6)\u00a0\u00bb background_color_gradient_overlays_image=\u00a0\u00bbon\u00a0\u00bb background_image=\u00a0\u00bbhttps:\/\/www.boatglass.eu\/wp-content\/uploads\/boot-header-2.png\u00a0\u00bb background_enable_image=\u00a0\u00bbon\u00a0\u00bb text_orientation=\u00a0\u00bbleft\u00a0\u00bb width=\u00a0\u00bb100%\u00a0\u00bb custom_padding=\u00a0\u00bb|0px||0px|false|false\u00a0\u00bb sticky_transition=\u00a0\u00bbon\u00a0\u00bb]Avec les hublots TOPwindows plus de bois pourri ou moisi, plus de condensation sur les vitres.[\/et_pb_slide][\/et_pb_fullwidth_slider][\/et_pb_section][et_pb_section fb_built=\u00a0\u00bb1&Prime; module_class=\u00a0\u00bbbreadcrumb\u00a0\u00bb _builder_version=\u00a0\u00bb4.9.4&Prime; _module_preset=\u00a0\u00bbdefault\u00a0\u00bb custom_margin=\u00a0\u00bb0px||0px||false|false\u00a0\u00bb custom_padding=\u00a0\u00bb0px||0px||false|false\u00a0\u00bb global_module=\u00a0\u00bb1109&Prime; saved_tabs=\u00a0\u00bball\u00a0\u00bb][et_pb_row _builder_version=\u00a0\u00bb4.9.1&Prime; _module_preset=\u00a0\u00bbdefault\u00a0\u00bb custom_margin=\u00a0\u00bb0px||0px||false|false\u00a0\u00bb custom_padding=\u00a0\u00bb7.5px||7.5px||false|false\u00a0\u00bb][et_pb_column type=\u00a0\u00bb4_4&Prime; _builder_version=\u00a0\u00bb4.9.1&Prime; _module_preset=\u00a0\u00bbdefault\u00a0\u00bb][et_pb_text _builder_version=\u00a0\u00bb4.9.4&Prime; _module_preset=\u00a0\u00bbdefault\u00a0\u00bb]<\/p>\n<span><span><a href=\"https:\/\/www.boatglass.eu\/fr\/\">Home<\/a><\/span><\/span>\n<p>[\/et_pb_text][\/et_pb_column][\/et_pb_row][\/et_pb_section][et_pb_section fb_built=\u00a0\u00bb1&Prime; _builder_version=\u00a0\u00bb4.9.1&Prime; _module_preset=\u00a0\u00bbdefault\u00a0\u00bb][et_pb_row column_structure=\u00a0\u00bb1_2,1_2&Prime; make_equal=\u00a0\u00bbon\u00a0\u00bb _builder_version=\u00a0\u00bb4.9.1&Prime; _module_preset=\u00a0\u00bbdefault\u00a0\u00bb][et_pb_column type=\u00a0\u00bb1_2&Prime; _builder_version=\u00a0\u00bb4.9.1&Prime; _module_preset=\u00a0\u00bbdefault\u00a0\u00bb][et_pb_text _builder_version=\u00a0\u00bb4.9.4&Prime; _module_preset=\u00a0\u00bbdefault\u00a0\u00bb hover_enabled=\u00a0\u00bb0&Prime; sticky_enabled=\u00a0\u00bb0&Prime;]<\/p>\n<p>Ces profil\u00e9s en mati\u00e8re synth\u00e9tique, exempts de condensation d\u00fb \u00e0 leur isolation int\u00e9gr\u00e9e, sont disponibles en deux versions :<\/p>\n<ul>\n<li>simple ou \u00e0 double vitrage (PMMA),<\/li>\n<li>fixe (en trois tailles diff\u00e9rentes) ou repliable.<\/li>\n<\/ul>\n<p>Le verre et le profil sont disponibles en plusieurs couleurs.<br \/>Sans demande sp\u00e9cifique, les profils sont livr\u00e9s en standard noir ou gris aluminium. Ces hublots conviennent pour une \u00e9paisseur de paroi de 4 \u00e0 20 mm et sont interchangeables avec les plus<br \/>importantes marques de hublots utilis\u00e9s dans le secteur du sport nautique.\u00a0Renseignez-vous sur nos possibilit\u00e9s.<\/p>\n<p>Les hublots sont disponibles dans les tailles :<br \/>375 x 175 mm rayon 55<br \/>375 x 175 mm boule ronde\u00a0<br \/>375 x 215 mm rayon 55<br \/>D&rsquo;autres tailles et versions suivront sous peu.<\/p>\n<p>Naturellement, les hublots sont r\u00e9sistants aux UV et \u00e0 l&rsquo;eau de mer et, en plus des normes ISO applicables, ils r\u00e9pondent aux exigences CE-A relatives \u00e0 l&rsquo;oc\u00e9an.<\/p>\n<p>[\/et_pb_text][\/et_pb_column][et_pb_column type=\u00a0\u00bb1_2&Prime; _builder_version=\u00a0\u00bb4.9.1&Prime; _module_preset=\u00a0\u00bbdefault\u00a0\u00bb custom_css_main_element=\u00a0\u00bbdisplay: flex;||align-items: center;\u00a0\u00bb][et_pb_image src=\u00a0\u00bbhttps:\/\/www.boatglass.eu\/wp-content\/uploads\/klappoorten-in-dubbelglas-raam-web.jpg\u00a0\u00bb title_text=\u00a0\u00bbklappoorten-in-dubbelglas-raam-web\u00a0\u00bb _builder_version=\u00a0\u00bb4.9.1&Prime; _module_preset=\u00a0\u00bbdefault\u00a0\u00bb][\/et_pb_image][\/et_pb_column][\/et_pb_row][\/et_pb_section][et_pb_section fb_built=\u00a0\u00bb1&Prime; module_class=\u00a0\u00bbgallerij-rij\u00a0\u00bb _builder_version=\u00a0\u00bb4.9.1&Prime; _module_preset=\u00a0\u00bbdefault\u00a0\u00bb custom_margin=\u00a0\u00bb||0px||false|false\u00a0\u00bb custom_padding=\u00a0\u00bb||0px||false|false\u00a0\u00bb][et_pb_row column_structure=\u00a0\u00bb1_2,1_2&Prime; _builder_version=\u00a0\u00bb4.9.1&Prime; _module_preset=\u00a0\u00bbdefault\u00a0\u00bb custom_margin=\u00a0\u00bb||0px||false|false\u00a0\u00bb custom_padding=\u00a0\u00bb||0px||false|false\u00a0\u00bb][et_pb_column type=\u00a0\u00bb1_2&Prime; _builder_version=\u00a0\u00bb4.9.1&Prime; _module_preset=\u00a0\u00bbdefault\u00a0\u00bb][et_pb_image src=\u00a0\u00bbhttps:\/\/www.boatglass.eu\/wp-content\/uploads\/pp-tw-01.jpg\u00a0\u00bb title_text=\u00a0\u00bbpp-tw-01&Prime; force_fullwidth=\u00a0\u00bbon\u00a0\u00bb _builder_version=\u00a0\u00bb4.9.4&Prime; _module_preset=\u00a0\u00bbdefault\u00a0\u00bb][\/et_pb_image][\/et_pb_column][et_pb_column type=\u00a0\u00bb1_2&Prime; _builder_version=\u00a0\u00bb4.9.1&Prime; _module_preset=\u00a0\u00bbdefault\u00a0\u00bb][et_pb_image src=\u00a0\u00bbhttps:\/\/www.boatglass.eu\/wp-content\/uploads\/pp-tw-02.jpg\u00a0\u00bb title_text=\u00a0\u00bbpp-tw-02&Prime; force_fullwidth=\u00a0\u00bbon\u00a0\u00bb _builder_version=\u00a0\u00bb4.9.1&Prime; _module_preset=\u00a0\u00bbdefault\u00a0\u00bb][\/et_pb_image][\/et_pb_column][\/et_pb_row][et_pb_row column_structure=\u00a0\u00bb1_2,1_2&Prime; _builder_version=\u00a0\u00bb4.9.1&Prime; _module_preset=\u00a0\u00bbdefault\u00a0\u00bb custom_margin=\u00a0\u00bb||0px||false|false\u00a0\u00bb custom_padding=\u00a0\u00bb||0px||false|false\u00a0\u00bb][et_pb_column type=\u00a0\u00bb1_2&Prime; _builder_version=\u00a0\u00bb4.9.1&Prime; _module_preset=\u00a0\u00bbdefault\u00a0\u00bb][et_pb_image src=\u00a0\u00bbhttps:\/\/www.boatglass.eu\/wp-content\/uploads\/pp-tw-03.jpg\u00a0\u00bb title_text=\u00a0\u00bbpp-tw-03&Prime; force_fullwidth=\u00a0\u00bbon\u00a0\u00bb _builder_version=\u00a0\u00bb4.9.4&Prime; _module_preset=\u00a0\u00bbdefault\u00a0\u00bb][\/et_pb_image][\/et_pb_column][et_pb_column type=\u00a0\u00bb1_2&Prime; _builder_version=\u00a0\u00bb4.9.1&Prime; _module_preset=\u00a0\u00bbdefault\u00a0\u00bb][et_pb_image src=\u00a0\u00bbhttps:\/\/www.boatglass.eu\/wp-content\/uploads\/pp-tw-04.jpg\u00a0\u00bb title_text=\u00a0\u00bbpp-tw-04&Prime; force_fullwidth=\u00a0\u00bbon\u00a0\u00bb _builder_version=\u00a0\u00bb4.9.1&Prime; _module_preset=\u00a0\u00bbdefault\u00a0\u00bb][\/et_pb_image][\/et_pb_column][\/et_pb_row][et_pb_row column_structure=\u00a0\u00bb1_2,1_2&Prime; _builder_version=\u00a0\u00bb4.9.1&Prime; _module_preset=\u00a0\u00bbdefault\u00a0\u00bb custom_margin=\u00a0\u00bb||0px||false|false\u00a0\u00bb custom_padding=\u00a0\u00bb||0px||false|false\u00a0\u00bb][et_pb_column type=\u00a0\u00bb1_2&Prime; _builder_version=\u00a0\u00bb4.9.1&Prime; _module_preset=\u00a0\u00bbdefault\u00a0\u00bb][et_pb_image src=\u00a0\u00bbhttps:\/\/www.boatglass.eu\/wp-content\/uploads\/poort-01.jpg\u00a0\u00bb title_text=\u00a0\u00bbpoort-01&Prime; force_fullwidth=\u00a0\u00bbon\u00a0\u00bb _builder_version=\u00a0\u00bb4.9.1&Prime; _module_preset=\u00a0\u00bbdefault\u00a0\u00bb][\/et_pb_image][\/et_pb_column][et_pb_column type=\u00a0\u00bb1_2&Prime; _builder_version=\u00a0\u00bb4.9.1&Prime; _module_preset=\u00a0\u00bbdefault\u00a0\u00bb][et_pb_image src=\u00a0\u00bbhttps:\/\/www.boatglass.eu\/wp-content\/uploads\/poort-02.jpg\u00a0\u00bb title_text=\u00a0\u00bbpoort-02&Prime; force_fullwidth=\u00a0\u00bbon\u00a0\u00bb _builder_version=\u00a0\u00bb4.9.4&Prime; _module_preset=\u00a0\u00bbdefault\u00a0\u00bb][\/et_pb_image][\/et_pb_column][\/et_pb_row][et_pb_row column_structure=\u00a0\u00bb1_2,1_2&Prime; _builder_version=\u00a0\u00bb4.9.1&Prime; _module_preset=\u00a0\u00bbdefault\u00a0\u00bb custom_margin=\u00a0\u00bb||0px||false|false\u00a0\u00bb custom_padding=\u00a0\u00bb||0px||false|false\u00a0\u00bb][et_pb_column type=\u00a0\u00bb1_2&Prime; _builder_version=\u00a0\u00bb4.9.1&Prime; _module_preset=\u00a0\u00bbdefault\u00a0\u00bb][et_pb_image src=\u00a0\u00bbhttps:\/\/www.boatglass.eu\/wp-content\/uploads\/hor-002.jpg\u00a0\u00bb title_text=\u00a0\u00bbhor-002&Prime; force_fullwidth=\u00a0\u00bbon\u00a0\u00bb _builder_version=\u00a0\u00bb4.9.1&Prime; _module_preset=\u00a0\u00bbdefault\u00a0\u00bb][\/et_pb_image][\/et_pb_column][et_pb_column type=\u00a0\u00bb1_2&Prime; _builder_version=\u00a0\u00bb4.9.1&Prime; _module_preset=\u00a0\u00bbdefault\u00a0\u00bb][et_pb_image src=\u00a0\u00bbhttps:\/\/www.boatglass.eu\/wp-content\/uploads\/hor-003.jpg\u00a0\u00bb title_text=\u00a0\u00bbhor-003&Prime; force_fullwidth=\u00a0\u00bbon\u00a0\u00bb _builder_version=\u00a0\u00bb4.9.4&Prime; _module_preset=\u00a0\u00bbdefault\u00a0\u00bb][\/et_pb_image][\/et_pb_column][\/et_pb_row][et_pb_row column_structure=\u00a0\u00bb1_2,1_2&Prime; _builder_version=\u00a0\u00bb4.9.1&Prime; _module_preset=\u00a0\u00bbdefault\u00a0\u00bb custom_margin=\u00a0\u00bb||0px||false|false\u00a0\u00bb custom_padding=\u00a0\u00bb||0px||false|false\u00a0\u00bb][et_pb_column type=\u00a0\u00bb1_2&Prime; _builder_version=\u00a0\u00bb4.9.1&Prime; _module_preset=\u00a0\u00bbdefault\u00a0\u00bb][et_pb_image src=\u00a0\u00bbhttps:\/\/www.boatglass.eu\/wp-content\/uploads\/regenkap-patrijspoort-001r.jpg\u00a0\u00bb title_text=\u00a0\u00bbregenkap-patrijspoort-001r\u00a0\u00bb force_fullwidth=\u00a0\u00bbon\u00a0\u00bb _builder_version=\u00a0\u00bb4.9.1&Prime; _module_preset=\u00a0\u00bbdefault\u00a0\u00bb][\/et_pb_image][\/et_pb_column][et_pb_column type=\u00a0\u00bb1_2&Prime; _builder_version=\u00a0\u00bb4.9.1&Prime; _module_preset=\u00a0\u00bbdefault\u00a0\u00bb][et_pb_image src=\u00a0\u00bbhttps:\/\/www.boatglass.eu\/wp-content\/uploads\/poort-04.jpg\u00a0\u00bb title_text=\u00a0\u00bbpoort-04&Prime; force_fullwidth=\u00a0\u00bbon\u00a0\u00bb _builder_version=\u00a0\u00bb4.9.4&Prime; _module_preset=\u00a0\u00bbdefault\u00a0\u00bb][\/et_pb_image][\/et_pb_column][\/et_pb_row][et_pb_row column_structure=\u00a0\u00bb1_2,1_2&Prime; _builder_version=\u00a0\u00bb4.9.1&Prime; _module_preset=\u00a0\u00bbdefault\u00a0\u00bb custom_margin=\u00a0\u00bb||0px||false|false\u00a0\u00bb custom_padding=\u00a0\u00bb||0px||false|false\u00a0\u00bb][et_pb_column type=\u00a0\u00bb1_2&Prime; _builder_version=\u00a0\u00bb4.9.1&Prime; _module_preset=\u00a0\u00bbdefault\u00a0\u00bb][et_pb_image src=\u00a0\u00bbhttps:\/\/www.boatglass.eu\/wp-content\/uploads\/patrijspoort-ontwerp-01.jpeg\u00a0\u00bb title_text=\u00a0\u00bbpatrijspoort-ontwerp-01&Prime; force_fullwidth=\u00a0\u00bbon\u00a0\u00bb _builder_version=\u00a0\u00bb4.9.1&Prime; _module_preset=\u00a0\u00bbdefault\u00a0\u00bb][\/et_pb_image][\/et_pb_column][et_pb_column type=\u00a0\u00bb1_2&Prime; _builder_version=\u00a0\u00bb4.9.1&Prime; _module_preset=\u00a0\u00bbdefault\u00a0\u00bb][et_pb_image src=\u00a0\u00bbhttps:\/\/www.boatglass.eu\/wp-content\/uploads\/patrijspoort-ontwerp-03.jpeg\u00a0\u00bb title_text=\u00a0\u00bbpatrijspoort-ontwerp-03&Prime; force_fullwidth=\u00a0\u00bbon\u00a0\u00bb _builder_version=\u00a0\u00bb4.9.1&Prime; _module_preset=\u00a0\u00bbdefault\u00a0\u00bb][\/et_pb_image][\/et_pb_column][\/et_pb_row][et_pb_row column_structure=\u00a0\u00bb1_2,1_2&Prime; _builder_version=\u00a0\u00bb4.9.1&Prime; _module_preset=\u00a0\u00bbdefault\u00a0\u00bb custom_margin=\u00a0\u00bb||0px||false|false\u00a0\u00bb custom_padding=\u00a0\u00bb||0px||false|false\u00a0\u00bb][et_pb_column type=\u00a0\u00bb1_2&Prime; _builder_version=\u00a0\u00bb4.9.1&Prime; _module_preset=\u00a0\u00bbdefault\u00a0\u00bb][et_pb_image src=\u00a0\u00bbhttps:\/\/www.boatglass.eu\/wp-content\/uploads\/patrijspoort-ontwerp-02.jpeg\u00a0\u00bb title_text=\u00a0\u00bbpatrijspoort-ontwerp-02&Prime; force_fullwidth=\u00a0\u00bbon\u00a0\u00bb _builder_version=\u00a0\u00bb4.9.1&Prime; _module_preset=\u00a0\u00bbdefault\u00a0\u00bb][\/et_pb_image][\/et_pb_column][et_pb_column type=\u00a0\u00bb1_2&Prime; _builder_version=\u00a0\u00bb4.9.1&Prime; _module_preset=\u00a0\u00bbdefault\u00a0\u00bb][et_pb_image src=\u00a0\u00bbhttps:\/\/www.boatglass.eu\/wp-content\/uploads\/patrijspoort-ontwerp-04.jpeg\u00a0\u00bb title_text=\u00a0\u00bbpatrijspoort-ontwerp-04&Prime; force_fullwidth=\u00a0\u00bbon\u00a0\u00bb _builder_version=\u00a0\u00bb4.9.1&Prime; _module_preset=\u00a0\u00bbdefault\u00a0\u00bb][\/et_pb_image][\/et_pb_column][\/et_pb_row][et_pb_row column_structure=\u00a0\u00bb1_2,1_2&Prime; _builder_version=\u00a0\u00bb4.9.1&Prime; _module_preset=\u00a0\u00bbdefault\u00a0\u00bb custom_margin=\u00a0\u00bb||0px||false|false\u00a0\u00bb custom_padding=\u00a0\u00bb||0px||false|false\u00a0\u00bb][et_pb_column type=\u00a0\u00bb1_2&Prime; _builder_version=\u00a0\u00bb4.9.1&Prime; _module_preset=\u00a0\u00bbdefault\u00a0\u00bb][\/et_pb_column][et_pb_column type=\u00a0\u00bb1_2&Prime; _builder_version=\u00a0\u00bb4.9.1&Prime; _module_preset=\u00a0\u00bbdefault\u00a0\u00bb][\/et_pb_column][\/et_pb_row][\/et_pb_section][et_pb_section fb_built=\u00a0\u00bb1&Prime; _builder_version=\u00a0\u00bb4.9.4&Prime; _module_preset=\u00a0\u00bbdefault\u00a0\u00bb global_module=\u00a0\u00bb1158&Prime; saved_tabs=\u00a0\u00bball\u00a0\u00bb][et_pb_row _builder_version=\u00a0\u00bb4.8.2&Prime; _module_preset=\u00a0\u00bbdefault\u00a0\u00bb][et_pb_column type=\u00a0\u00bb4_4&Prime; _builder_version=\u00a0\u00bb4.8.2&Prime; _module_preset=\u00a0\u00bbdefault\u00a0\u00bb][et_pb_text _builder_version=\u00a0\u00bb4.9.4&Prime; _module_preset=\u00a0\u00bbdefault\u00a0\u00bb]<\/p>\n<h2 style=\"text-align: center;\">Voir nos solutions ici<\/h2>\n<p>[\/et_pb_text][\/et_pb_column][\/et_pb_row][et_pb_row column_structure=\u00a0\u00bb1_3,1_3,1_3&Prime; make_equal=\u00a0\u00bbon\u00a0\u00bb _builder_version=\u00a0\u00bb4.9.1&Prime; _module_preset=\u00a0\u00bbdefault\u00a0\u00bb custom_padding=\u00a0\u00bb0px||||false|false\u00a0\u00bb][et_pb_column type=\u00a0\u00bb1_3&Prime; _builder_version=\u00a0\u00bb4.8.2&Prime; _module_preset=\u00a0\u00bbdefault\u00a0\u00bb][et_pb_blurb title=\u00a0\u00bbFen\u00eatres de bateaux\u00a0\u00bb url=\u00a0\u00bb\/fr\/fenetres-de-bateaux\/\u00a0\u00bb image=\u00a0\u00bbhttps:\/\/www.boatglass.eu\/wp-content\/uploads\/bootoplossing-boot1.png\u00a0\u00bb module_class=\u00a0\u00bboplossingen-home\u00a0\u00bb _builder_version=\u00a0\u00bb4.9.4&Prime; _module_preset=\u00a0\u00bbdefault\u00a0\u00bb link_option_url=\u00a0\u00bb\/fr\/fenetres-de-bateaux\/\u00a0\u00bb]Les profil\u00e9s en caoutchouc de la fen\u00eatre de votre bateau doivent-ils \u00eatre remplac\u00e9s?<\/p>\n<p>Ou en avez-vous assez de la condensation sur vos profil\u00e9s de fen\u00eatre en aluminium?<\/p>\n<p><a class=\"oplossing-lees-meer\" href=\"\/fr\/fenetres-de-bateaux\/\">Lire plus<\/a>[\/et_pb_blurb][\/et_pb_column][et_pb_column type=\u00a0\u00bb1_3&Prime; _builder_version=\u00a0\u00bb4.8.2&Prime; _module_preset=\u00a0\u00bbdefault\u00a0\u00bb][et_pb_blurb title=\u00a0\u00bbFen\u00eatres en forme\u00a0\u00bb url=\u00a0\u00bb\/fr\/fenetres-en-forme\/\u00a0\u00bb image=\u00a0\u00bbhttps:\/\/www.boatglass.eu\/wp-content\/uploads\/bootoplossing-boot2-1.png\u00a0\u00bb module_class=\u00a0\u00bboplossingen-home\u00a0\u00bb _builder_version=\u00a0\u00bb4.9.4&Prime; _module_preset=\u00a0\u00bbdefault\u00a0\u00bb link_option_url=\u00a0\u00bb\/fr\/fenetres-en-forme\/\u00a0\u00bb]<\/p>\n<p>Nos fen\u00eatres marines en forme sont faites dans une proc\u00e9dure sp\u00e9ciale. \u00c0 l&rsquo;aide d&rsquo;un moule unique, nous sommes en mesure de fabriquer nos fen\u00eatres d&rsquo;un seul tenant. Nos fen\u00eatres profil\u00e9es peuvent \u00eatre install\u00e9es avec ou sans profil\u00e9s de verrouillage en aluminium.<\/p>\n<p><a class=\"oplossing-lees-meer\" href=\"\/fr\/fenetres-en-forme\/\">Lire plus<\/a>[\/et_pb_blurb][\/et_pb_column][et_pb_column type=\u00a0\u00bb1_3&Prime; _builder_version=\u00a0\u00bb4.8.2&Prime; _module_preset=\u00a0\u00bbdefault\u00a0\u00bb][et_pb_blurb title=\u00a0\u00bbProjets sp\u00e9ciaux\u00a0\u00bb url=\u00a0\u00bb\/fr\/projets-speciaux\/\u00a0\u00bb image=\u00a0\u00bbhttps:\/\/www.boatglass.eu\/wp-content\/uploads\/bootoplossing-boot3-1.png\u00a0\u00bb module_class=\u00a0\u00bboplossingen-home\u00a0\u00bb _builder_version=\u00a0\u00bb4.9.4&Prime; _module_preset=\u00a0\u00bbdefault\u00a0\u00bb link_option_url=\u00a0\u00bb\/fr\/projets-speciaux\/\u00a0\u00bb]Comme vous vous en doutez, aucun projet n&rsquo;est fou pour nous! Grandes fen\u00eatres, petits volets, courbes sp\u00e9ciales, nommez-le. Nos options sont (presque) illimit\u00e9es! D\u00e9couvrez les projets sp\u00e9ciaux que nous avons pu fournir derri\u00e8re le lien ci-dessous.<br \/>\n<a class=\"oplossing-lees-meer\" href=\"\/fr\/projets-speciaux\/\">Lees meer<\/a>[\/et_pb_blurb][\/et_pb_column][\/et_pb_row][\/et_pb_section]<\/p>\n","protected":false},"excerpt":{"rendered":"<p>Avec les hublots TOPwindows plus de bois pourri ou moisi, plus de condensation sur les vitres.<span><span><a href=\"https:\/\/www.boatglass.eu\/fr\/\">Home<\/a><\/span><\/span>Ces profil\u00e9s en mati\u00e8re synth\u00e9tique, exempts de condensation d\u00fb \u00e0 leur isolation int\u00e9gr\u00e9e, sont disponibles en deux versions : simple ou \u00e0 double vitrage (PMMA), fixe (en trois tailles diff\u00e9rentes) ou repliable. Le verre et le profil sont disponibles en [&hellip;]<\/p>\n","protected":false},"author":1,"featured_media":0,"parent":0,"menu_order":0,"comment_status":"closed","ping_status":"closed","template":"","meta":{"_et_pb_use_builder":"on","_et_pb_old_content":"<p>Lorem ipsum dolor sit amet, consectetur adipisicing elit, sed do eiusmod tempor incididunt ut labore et dolore magna aliqua. Ut enim ad minim veniam, quis nostrud exercitation ullamco laboris nisi ut aliquip ex ea commodo consequat. Duis aute irure dolor in reprehenderit in voluptate velit esse cillum dolore eu fugiat nulla pariatur. Excepteur sint occaecat cupidatat non proident, sunt in culpa qui officia deserunt mollit anim id est laborum.<\/p>","_et_gb_content_width":"","footnotes":""},"categories":[],"class_list":["post-1792","page","type-page","status-publish","hentry"],"yoast_head":"<!-- This site is optimized with the Yoast SEO plugin v24.6 - https:\/\/yoast.com\/wordpress\/plugins\/seo\/ -->\n<title>Hublots - Boatglass<\/title>\n<meta name=\"description\" content=\"Hublots\" \/>\n<meta name=\"robots\" content=\"index, follow, max-snippet:-1, max-image-preview:large, max-video-preview:-1\" \/>\n<link rel=\"canonical\" href=\"https:\/\/www.boatglass.eu\/fr\/patrijspoorten\/\" \/>\n<meta property=\"og:locale\" content=\"fr_FR\" \/>\n<meta property=\"og:type\" content=\"article\" \/>\n<meta property=\"og:title\" content=\"Hublots - Boatglass\" \/>\n<meta property=\"og:description\" content=\"Hublots\" \/>\n<meta property=\"og:url\" content=\"https:\/\/www.boatglass.eu\/patrijspoorten\/\" \/>\n<meta property=\"og:site_name\" content=\"Boatglass\" \/>\n<meta property=\"article:modified_time\" content=\"2022-05-11T09:44:13+00:00\" \/>\n<meta name=\"twitter:card\" content=\"summary_large_image\" \/>\n<meta name=\"twitter:label1\" content=\"Dur\u00e9e de lecture estim\u00e9e\" \/>\n\t<meta name=\"twitter:data1\" content=\"3 minutes\" \/>\n<script type=\"application\/ld+json\" class=\"yoast-schema-graph\">{\"@context\":\"https:\/\/schema.org\",\"@graph\":[{\"@type\":\"WebPage\",\"@id\":\"https:\/\/www.boatglass.eu\/patrijspoorten\/\",\"url\":\"https:\/\/www.boatglass.eu\/patrijspoorten\/\",\"name\":\"Hublots - Boatglass\",\"isPartOf\":{\"@id\":\"https:\/\/www.boatglass.eu\/#website\"},\"datePublished\":\"2021-03-24T15:04:27+00:00\",\"dateModified\":\"2022-05-11T09:44:13+00:00\",\"description\":\"Hublots\",\"breadcrumb\":{\"@id\":\"https:\/\/www.boatglass.eu\/patrijspoorten\/#breadcrumb\"},\"inLanguage\":\"fr-FR\",\"potentialAction\":[{\"@type\":\"ReadAction\",\"target\":[\"https:\/\/www.boatglass.eu\/patrijspoorten\/\"]}]},{\"@type\":\"BreadcrumbList\",\"@id\":\"https:\/\/www.boatglass.eu\/patrijspoorten\/#breadcrumb\",\"itemListElement\":[{\"@type\":\"ListItem\",\"position\":1,\"name\":\"Home\",\"item\":\"https:\/\/www.boatglass.eu\/fr\/\"},{\"@type\":\"ListItem\",\"position\":2,\"name\":\"Hublots\"}]},{\"@type\":\"WebSite\",\"@id\":\"https:\/\/www.boatglass.eu\/#website\",\"url\":\"https:\/\/www.boatglass.eu\/\",\"name\":\"Boatglass\",\"description\":\"\",\"potentialAction\":[{\"@type\":\"SearchAction\",\"target\":{\"@type\":\"EntryPoint\",\"urlTemplate\":\"https:\/\/www.boatglass.eu\/?s={search_term_string}\"},\"query-input\":{\"@type\":\"PropertyValueSpecification\",\"valueRequired\":true,\"valueName\":\"search_term_string\"}}],\"inLanguage\":\"fr-FR\"}]}<\/script>\n<!-- \/ Yoast SEO plugin. -->","yoast_head_json":{"title":"Hublots - Boatglass","description":"Hublots","robots":{"index":"index","follow":"follow","max-snippet":"max-snippet:-1","max-image-preview":"max-image-preview:large","max-video-preview":"max-video-preview:-1"},"canonical":"https:\/\/www.boatglass.eu\/fr\/patrijspoorten\/","og_locale":"fr_FR","og_type":"article","og_title":"Hublots - Boatglass","og_description":"Hublots","og_url":"https:\/\/www.boatglass.eu\/patrijspoorten\/","og_site_name":"Boatglass","article_modified_time":"2022-05-11T09:44:13+00:00","twitter_card":"summary_large_image","twitter_misc":{"Dur\u00e9e de lecture estim\u00e9e":"3 minutes"},"schema":{"@context":"https:\/\/schema.org","@graph":[{"@type":"WebPage","@id":"https:\/\/www.boatglass.eu\/patrijspoorten\/","url":"https:\/\/www.boatglass.eu\/patrijspoorten\/","name":"Hublots - Boatglass","isPartOf":{"@id":"https:\/\/www.boatglass.eu\/#website"},"datePublished":"2021-03-24T15:04:27+00:00","dateModified":"2022-05-11T09:44:13+00:00","description":"Hublots","breadcrumb":{"@id":"https:\/\/www.boatglass.eu\/patrijspoorten\/#breadcrumb"},"inLanguage":"fr-FR","potentialAction":[{"@type":"ReadAction","target":["https:\/\/www.boatglass.eu\/patrijspoorten\/"]}]},{"@type":"BreadcrumbList","@id":"https:\/\/www.boatglass.eu\/patrijspoorten\/#breadcrumb","itemListElement":[{"@type":"ListItem","position":1,"name":"Home","item":"https:\/\/www.boatglass.eu\/fr\/"},{"@type":"ListItem","position":2,"name":"Hublots"}]},{"@type":"WebSite","@id":"https:\/\/www.boatglass.eu\/#website","url":"https:\/\/www.boatglass.eu\/","name":"Boatglass","description":"","potentialAction":[{"@type":"SearchAction","target":{"@type":"EntryPoint","urlTemplate":"https:\/\/www.boatglass.eu\/?s={search_term_string}"},"query-input":{"@type":"PropertyValueSpecification","valueRequired":true,"valueName":"search_term_string"}}],"inLanguage":"fr-FR"}]}},"_links":{"self":[{"href":"https:\/\/www.boatglass.eu\/fr\/wp-json\/wp\/v2\/pages\/1792","targetHints":{"allow":["GET"]}}],"collection":[{"href":"https:\/\/www.boatglass.eu\/fr\/wp-json\/wp\/v2\/pages"}],"about":[{"href":"https:\/\/www.boatglass.eu\/fr\/wp-json\/wp\/v2\/types\/page"}],"author":[{"embeddable":true,"href":"https:\/\/www.boatglass.eu\/fr\/wp-json\/wp\/v2\/users\/1"}],"replies":[{"embeddable":true,"href":"https:\/\/www.boatglass.eu\/fr\/wp-json\/wp\/v2\/comments?post=1792"}],"version-history":[{"count":1,"href":"https:\/\/www.boatglass.eu\/fr\/wp-json\/wp\/v2\/pages\/1792\/revisions"}],"predecessor-version":[{"id":1922,"href":"https:\/\/www.boatglass.eu\/fr\/wp-json\/wp\/v2\/pages\/1792\/revisions\/1922"}],"wp:attachment":[{"href":"https:\/\/www.boatglass.eu\/fr\/wp-json\/wp\/v2\/media?parent=1792"}],"wp:term":[{"taxonomy":"category","embeddable":true,"href":"https:\/\/www.boatglass.eu\/fr\/wp-json\/wp\/v2\/categories?post=1792"}],"curies":[{"name":"wp","href":"https:\/\/api.w.org\/{rel}","templated":true}]}}